{"id":620,"date":"2018-09-17T19:02:33","date_gmt":"2018-09-17T22:02:33","guid":{"rendered":"https:\/\/www.assessoriaramos.com.br\/site\/?page_id=620"},"modified":"2024-08-07T09:28:56","modified_gmt":"2024-08-07T12:28:56","slug":"e-social","status":"publish","type":"page","link":"https:\/\/www.assessoriaramos.com.br\/site\/e-social\/","title":{"rendered":"E-Social"},"content":{"rendered":"\t\t<div data-elementor-type=\"wp-page\" data-elementor-id=\"620\" class=\"elementor elementor-620\">\n\t\t\t\t\t\t\t<div class=\"elementor-element elementor-element-7829331d e-con-full e-flex e-con e-parent\" data-id=\"7829331d\" data-element_type=\"container\" data-settings=\"{&quot;content_width&quot;:&quot;full&quot;,&quot;background_background&quot;:&quot;classic&quot;}\" data-core-v316-plus=\"true\">\n\t\t<div class=\"elementor-element elementor-element-2ca95462 e-con-full e-flex e-con e-child\" data-id=\"2ca95462\" data-element_type=\"container\" data-settings=\"{&quot;content_width&quot;:&quot;full&quot;}\">\n\t\t\t\t<div class=\"elementor-element elementor-element-2e3a2c72 elementor-widget elementor-widget-heading\" data-id=\"2e3a2c72\" data-element_type=\"widget\" data-widget_type=\"heading.default\">\n\t\t\t\t<div class=\"elementor-widget-container\">\n\t\t\t<style>\/*! elementor - v3.17.0 - 01-11-2023 *\/\n.elementor-heading-title{padding:0;margin:0;line-height:1}.elementor-widget-heading .elementor-heading-title[class*=elementor-size-]>a{color:inherit;font-size:inherit;line-height:inherit}.elementor-widget-heading .elementor-heading-title.elementor-size-small{font-size:15px}.elementor-widget-heading .elementor-heading-title.elementor-size-medium{font-size:19px}.elementor-widget-heading .elementor-heading-title.elementor-size-large{font-size:29px}.elementor-widget-heading .elementor-heading-title.elementor-size-xl{font-size:39px}.elementor-widget-heading .elementor-heading-title.elementor-size-xxl{font-size:59px}<\/style><h1 class=\"elementor-heading-title elementor-size-default\"><span class=\"elementor-heading-title elementor-size-default elementor-inline-editing pen\" data-elementor-setting-key=\"title\" data-pen-placeholder=\"Digite aqui...\" style=\"margin-block: 0.5rem 1rem; outline-color: currentcolor; outline-style: none; text-align: center;\">E-Social<\/span><\/h1>\t\t<\/div>\n\t\t\t\t<\/div>\n\t\t\t\t<div class=\"elementor-element elementor-element-3e836798 elementor-widget elementor-widget-heading\" data-id=\"3e836798\" data-element_type=\"widget\" data-widget_type=\"heading.default\">\n\t\t\t\t<div class=\"elementor-widget-container\">\n\t\t\t<p class=\"elementor-heading-title elementor-size-default\">SST - Seguran\u00e7a e Sa\u00fade no Trabalho\u200b<\/p>\t\t<\/div>\n\t\t\t\t<\/div>\n\t\t\t\t<\/div>\n\t\t<div class=\"elementor-element elementor-element-13535897 e-con-full elementor-hidden-tablet elementor-hidden-mobile e-flex e-con e-child\" data-id=\"13535897\" data-element_type=\"container\" data-settings=\"{&quot;content_width&quot;:&quot;full&quot;}\">\n\t\t\t\t<div class=\"elementor-element elementor-element-472377b1 elementor-widget elementor-widget-image\" data-id=\"472377b1\" data-element_type=\"widget\" data-widget_type=\"image.default\">\n\t\t\t\t<div class=\"elementor-widget-container\">\n\t\t\t<style>\/*! elementor - v3.17.0 - 01-11-2023 *\/\n.elementor-widget-image{text-align:center}.elementor-widget-image a{display:inline-block}.elementor-widget-image a img[src$=\".svg\"]{width:48px}.elementor-widget-image img{vertical-align:middle;display:inline-block}<\/style>\t\t\t\t\t\t\t\t\t\t\t\t<img loading=\"lazy\" decoding=\"async\" width=\"512\" height=\"328\" src=\"https:\/\/www.assessoriaramos.com.br\/site\/wp-content\/uploads\/2023\/10\/esocial.png\" class=\"attachment-large size-large wp-image-1723\" alt=\"\" \/>\t\t\t\t\t\t\t\t\t\t\t\t\t\t\t<\/div>\n\t\t\t\t<\/div>\n\t\t\t\t<\/div>\n\t\t\t\t<\/div>\n\t\t<div class=\"elementor-element elementor-element-582544d8 e-con-full e-flex e-con e-parent\" data-id=\"582544d8\" data-element_type=\"container\" data-settings=\"{&quot;background_background&quot;:&quot;classic&quot;,&quot;content_width&quot;:&quot;full&quot;}\" data-core-v316-plus=\"true\">\n\t\t\t\t<div class=\"elementor-element elementor-element-fd4bf79 elementor-widget elementor-widget-text-editor\" data-id=\"fd4bf79\" data-element_type=\"widget\" data-widget_type=\"text-editor.default\">\n\t\t\t\t<div class=\"elementor-widget-container\">\n\t\t\t<style>\/*! elementor - v3.17.0 - 01-11-2023 *\/\n.elementor-widget-text-editor.elementor-drop-cap-view-stacked .elementor-drop-cap{background-color:#69727d;color:#fff}.elementor-widget-text-editor.elementor-drop-cap-view-framed .elementor-drop-cap{color:#69727d;border:3px solid;background-color:transparent}.elementor-widget-text-editor:not(.elementor-drop-cap-view-default) .elementor-drop-cap{margin-top:8px}.elementor-widget-text-editor:not(.elementor-drop-cap-view-default) .elementor-drop-cap-letter{width:1em;height:1em}.elementor-widget-text-editor .elementor-drop-cap{float:left;text-align:center;line-height:1;font-size:50px}.elementor-widget-text-editor .elementor-drop-cap-letter{display:inline-block}<\/style>\t\t\t\t<p>A partir de 1\u00ba de janeiro de 2023, o registro das informa\u00e7\u00f5es de Seguran\u00e7a e Sa\u00fade no Trabalho (SST) no eSocial tornou-se obrigat\u00f3rio. O eSocial \u00e9 uma ferramenta do governo federal que unifica o envio de dados sobre trabalhadores em uma \u00fanica plataforma. As empresas que n\u00e3o se adequarem estar\u00e3o sujeitas\u00a0a\u00a0multas.<\/p><p>O e-Social \u00e9 uma ferramenta inovadora que revoluciona a forma como as empresas lidam com as obriga\u00e7\u00f5es trabalhistas, previdenci\u00e1rias e fiscais. Com a miss\u00e3o de simplificar a gest\u00e3o empresarial, o e-Social oferece uma solu\u00e7\u00e3o integrada para o envio eletr\u00f4nico de informa\u00e7\u00f5es, promovendo a transpar\u00eancia e a conformidade legal nas rela\u00e7\u00f5es de trabalho.<\/p><p>\u00c9 mais do que uma obriga\u00e7\u00e3o governamental; \u00e9 uma ferramenta poderosa para tornar a administra\u00e7\u00e3o de sua empresa mais eficaz. Deixe-nos ajud\u00e1-lo a simplificar a gest\u00e3o empresarial e a maximizar os benef\u00edcios do e-Social. Entre em contato conosco hoje para saber mais sobre como podemos ajudar a sua empresa a prosperar com essa revolu\u00e7\u00e3o na gest\u00e3o de informa\u00e7\u00f5es trabalhistas e fiscais.<\/p>\t\t\t\t\t\t<\/div>\n\t\t\t\t<\/div>\n\t\t\t\t<\/div>\n\t\t<div class=\"elementor-element elementor-element-b263eb5 e-flex e-con-boxed e-con e-parent\" data-id=\"b263eb5\" data-element_type=\"container\" data-settings=\"{&quot;content_width&quot;:&quot;boxed&quot;}\" data-core-v316-plus=\"true\">\n\t\t\t\t\t<div class=\"e-con-inner\">\n\t\t<div class=\"elementor-element elementor-element-09bdbcf e-con-full e-flex e-con e-child\" data-id=\"09bdbcf\" data-element_type=\"container\" data-settings=\"{&quot;content_width&quot;:&quot;full&quot;}\">\n\t\t\t\t<div class=\"elementor-element elementor-element-f2fefeb elementor-widget elementor-widget-image\" data-id=\"f2fefeb\" data-element_type=\"widget\" data-widget_type=\"image.default\">\n\t\t\t\t<div class=\"elementor-widget-container\">\n\t\t\t\t\t\t\t\t\t\t\t\t\t\t\t<img loading=\"lazy\" decoding=\"async\" width=\"512\" height=\"512\" src=\"https:\/\/www.assessoriaramos.com.br\/site\/wp-content\/uploads\/2023\/10\/1453584.png\" class=\"attachment-large size-large wp-image-1751\" alt=\"\" \/>\t\t\t\t\t\t\t\t\t\t\t\t\t\t\t<\/div>\n\t\t\t\t<\/div>\n\t\t\t\t<div class=\"elementor-element elementor-element-233172e elementor-widget elementor-widget-heading\" data-id=\"233172e\" data-element_type=\"widget\" data-widget_type=\"heading.default\">\n\t\t\t\t<div class=\"elementor-widget-container\">\n\t\t\t<h2 class=\"elementor-heading-title elementor-size-default\">S-2210<\/h2>\t\t<\/div>\n\t\t\t\t<\/div>\n\t\t\t\t<div class=\"elementor-element elementor-element-14f78d2 elementor-widget elementor-widget-heading\" data-id=\"14f78d2\" data-element_type=\"widget\" data-widget_type=\"heading.default\">\n\t\t\t\t<div class=\"elementor-widget-container\">\n\t\t\t<h2 class=\"elementor-heading-title elementor-size-default\">CAT - Comunica\u00e7\u00e3o de Acidente de Trabalho<\/h2>\t\t<\/div>\n\t\t\t\t<\/div>\n\t\t\t\t<\/div>\n\t\t<div class=\"elementor-element elementor-element-8006b52 e-con-full e-flex e-con e-child\" data-id=\"8006b52\" data-element_type=\"container\" data-settings=\"{&quot;content_width&quot;:&quot;full&quot;}\">\n\t\t\t\t<div class=\"elementor-element elementor-element-032b176 elementor-widget elementor-widget-image\" data-id=\"032b176\" data-element_type=\"widget\" data-widget_type=\"image.default\">\n\t\t\t\t<div class=\"elementor-widget-container\">\n\t\t\t\t\t\t\t\t\t\t\t\t\t\t\t<img loading=\"lazy\" decoding=\"async\" width=\"512\" height=\"512\" src=\"https:\/\/www.assessoriaramos.com.br\/site\/wp-content\/uploads\/2023\/10\/249205.png\" class=\"attachment-large size-large wp-image-1752\" alt=\"\" \/>\t\t\t\t\t\t\t\t\t\t\t\t\t\t\t<\/div>\n\t\t\t\t<\/div>\n\t\t\t\t<div class=\"elementor-element elementor-element-113401b elementor-widget elementor-widget-heading\" data-id=\"113401b\" data-element_type=\"widget\" data-widget_type=\"heading.default\">\n\t\t\t\t<div class=\"elementor-widget-container\">\n\t\t\t<h2 class=\"elementor-heading-title elementor-size-default\">S-2220<\/h2>\t\t<\/div>\n\t\t\t\t<\/div>\n\t\t\t\t<div class=\"elementor-element elementor-element-626e2c6 elementor-widget elementor-widget-heading\" data-id=\"626e2c6\" data-element_type=\"widget\" data-widget_type=\"heading.default\">\n\t\t\t\t<div class=\"elementor-widget-container\">\n\t\t\t<h2 class=\"elementor-heading-title elementor-size-default\">Monitoramento da Sa\u00fade do Trabalhador<\/h2>\t\t<\/div>\n\t\t\t\t<\/div>\n\t\t\t\t<\/div>\n\t\t<div class=\"elementor-element elementor-element-4482778 e-con-full e-flex e-con e-child\" data-id=\"4482778\" data-element_type=\"container\" data-settings=\"{&quot;content_width&quot;:&quot;full&quot;}\">\n\t\t\t\t<div class=\"elementor-element elementor-element-7082754 elementor-widget elementor-widget-image\" data-id=\"7082754\" data-element_type=\"widget\" data-widget_type=\"image.default\">\n\t\t\t\t<div class=\"elementor-widget-container\">\n\t\t\t\t\t\t\t\t\t\t\t\t\t\t\t<img loading=\"lazy\" decoding=\"async\" width=\"512\" height=\"512\" src=\"https:\/\/www.assessoriaramos.com.br\/site\/wp-content\/uploads\/2024\/08\/motorista-profissional-2-1.png\" class=\"attachment-large size-large wp-image-2000\" alt=\"\" \/>\t\t\t\t\t\t\t\t\t\t\t\t\t\t\t<\/div>\n\t\t\t\t<\/div>\n\t\t\t\t<div class=\"elementor-element elementor-element-883f91d elementor-widget elementor-widget-heading\" data-id=\"883f91d\" data-element_type=\"widget\" data-widget_type=\"heading.default\">\n\t\t\t\t<div class=\"elementor-widget-container\">\n\t\t\t<h2 class=\"elementor-heading-title elementor-size-default\">S-2221<\/h2>\t\t<\/div>\n\t\t\t\t<\/div>\n\t\t\t\t<div class=\"elementor-element elementor-element-60a4ddc elementor-widget elementor-widget-heading\" data-id=\"60a4ddc\" data-element_type=\"widget\" data-widget_type=\"heading.default\">\n\t\t\t\t<div class=\"elementor-widget-container\">\n\t\t\t<h2 class=\"elementor-heading-title elementor-size-default\">Exame Toxicol\u00f3gico do Motorista Profissional<\/h2>\t\t<\/div>\n\t\t\t\t<\/div>\n\t\t\t\t<\/div>\n\t\t<div class=\"elementor-element elementor-element-a7806ed e-con-full e-flex e-con e-child\" data-id=\"a7806ed\" data-element_type=\"container\" data-settings=\"{&quot;content_width&quot;:&quot;full&quot;}\">\n\t\t\t\t<div class=\"elementor-element elementor-element-de91eec elementor-widget elementor-widget-image\" data-id=\"de91eec\" data-element_type=\"widget\" data-widget_type=\"image.default\">\n\t\t\t\t<div class=\"elementor-widget-container\">\n\t\t\t\t\t\t\t\t\t\t\t\t\t\t\t<img loading=\"lazy\" decoding=\"async\" width=\"225\" height=\"225\" src=\"https:\/\/www.assessoriaramos.com.br\/site\/wp-content\/uploads\/2023\/10\/images.png\" class=\"attachment-large size-large wp-image-1753\" alt=\"\" \/>\t\t\t\t\t\t\t\t\t\t\t\t\t\t\t<\/div>\n\t\t\t\t<\/div>\n\t\t\t\t<div class=\"elementor-element elementor-element-346d222 elementor-widget elementor-widget-heading\" data-id=\"346d222\" data-element_type=\"widget\" data-widget_type=\"heading.default\">\n\t\t\t\t<div class=\"elementor-widget-container\">\n\t\t\t<h2 class=\"elementor-heading-title elementor-size-default\">S-2240<\/h2>\t\t<\/div>\n\t\t\t\t<\/div>\n\t\t\t\t<div class=\"elementor-element elementor-element-51d6072 elementor-widget elementor-widget-heading\" data-id=\"51d6072\" data-element_type=\"widget\" data-widget_type=\"heading.default\">\n\t\t\t\t<div class=\"elementor-widget-container\">\n\t\t\t<h2 class=\"elementor-heading-title elementor-size-default\">Condi\u00e7\u00f5es Ambientes do Trabalho - Agentes Nocivos<\/h2>\t\t<\/div>\n\t\t\t\t<\/div>\n\t\t\t\t<\/div>\n\t\t\t\t\t<\/div>\n\t\t\t\t<\/div>\n\t\t\t\t\t\t\t<\/div>\n\t\t","protected":false},"excerpt":{"rendered":"<p>E-Social SST &#8211; Seguran\u00e7a e Sa\u00fade no Trabalho\u200b A partir de 1\u00ba de janeiro de 2023, o registro das informa\u00e7\u00f5es de Seguran\u00e7a e Sa\u00fade no Trabalho (SST) no eSocial tornou-se obrigat\u00f3rio. O eSocial \u00e9 uma ferramenta do governo federal que unifica o envio de dados sobre trabalhadores em uma \u00fanica plataforma. As empresas que n\u00e3o [&hellip;]<\/p>\n","protected":false},"author":3,"featured_media":0,"parent":0,"menu_order":0,"comment_status":"closed","ping_status":"closed","template":"","meta":{"inline_featured_image":false,"footnotes":""},"class_list":["post-620","page","type-page","status-publish","hentry"],"_links":{"self":[{"href":"https:\/\/www.assessoriaramos.com.br\/site\/wp-json\/wp\/v2\/pages\/620","targetHints":{"allow":["GET"]}}],"collection":[{"href":"https:\/\/www.assessoriaramos.com.br\/site\/wp-json\/wp\/v2\/pages"}],"about":[{"href":"https:\/\/www.assessoriaramos.com.br\/site\/wp-json\/wp\/v2\/types\/page"}],"author":[{"embeddable":true,"href":"https:\/\/www.assessoriaramos.com.br\/site\/wp-json\/wp\/v2\/users\/3"}],"replies":[{"embeddable":true,"href":"https:\/\/www.assessoriaramos.com.br\/site\/wp-json\/wp\/v2\/comments?post=620"}],"version-history":[{"count":3,"href":"https:\/\/www.assessoriaramos.com.br\/site\/wp-json\/wp\/v2\/pages\/620\/revisions"}],"predecessor-version":[{"id":2006,"href":"https:\/\/www.assessoriaramos.com.br\/site\/wp-json\/wp\/v2\/pages\/620\/revisions\/2006"}],"wp:attachment":[{"href":"https:\/\/www.assessoriaramos.com.br\/site\/wp-json\/wp\/v2\/media?parent=620"}],"curies":[{"name":"wp","href":"https:\/\/api.w.org\/{rel}","templated":true}]}}