{"id":1822,"date":"2023-11-08T14:37:31","date_gmt":"2023-11-08T17:37:31","guid":{"rendered":"https:\/\/www.assessoriaramos.com.br\/site\/?page_id=1822"},"modified":"2024-07-01T11:57:05","modified_gmt":"2024-07-01T14:57:05","slug":"medicina-ocupacional","status":"publish","type":"page","link":"https:\/\/www.assessoriaramos.com.br\/site\/medicina-ocupacional\/","title":{"rendered":"Medicina Ocupacional"},"content":{"rendered":"\t\t<div data-elementor-type=\"wp-page\" data-elementor-id=\"1822\" class=\"elementor elementor-1822\">\n\t\t\t\t\t\t\t<div class=\"elementor-element elementor-element-30e56425 e-con-full e-flex e-con e-parent\" data-id=\"30e56425\" data-element_type=\"container\" data-settings=\"{&quot;content_width&quot;:&quot;full&quot;,&quot;background_background&quot;:&quot;classic&quot;}\" data-core-v316-plus=\"true\">\n\t\t<div class=\"elementor-element elementor-element-4aa6eb8a e-con-full e-flex e-con e-child\" data-id=\"4aa6eb8a\" data-element_type=\"container\" data-settings=\"{&quot;content_width&quot;:&quot;full&quot;}\">\n\t\t\t\t<div class=\"elementor-element elementor-element-77008953 elementor-widget elementor-widget-heading\" data-id=\"77008953\" data-element_type=\"widget\" data-widget_type=\"heading.default\">\n\t\t\t\t<div class=\"elementor-widget-container\">\n\t\t\t<style>\/*! elementor - v3.17.0 - 01-11-2023 *\/\n.elementor-heading-title{padding:0;margin:0;line-height:1}.elementor-widget-heading .elementor-heading-title[class*=elementor-size-]>a{color:inherit;font-size:inherit;line-height:inherit}.elementor-widget-heading .elementor-heading-title.elementor-size-small{font-size:15px}.elementor-widget-heading .elementor-heading-title.elementor-size-medium{font-size:19px}.elementor-widget-heading .elementor-heading-title.elementor-size-large{font-size:29px}.elementor-widget-heading .elementor-heading-title.elementor-size-xl{font-size:39px}.elementor-widget-heading .elementor-heading-title.elementor-size-xxl{font-size:59px}<\/style><h1 class=\"elementor-heading-title elementor-size-default\">Medicina Ocupacional<\/h1>\t\t<\/div>\n\t\t\t\t<\/div>\n\t\t\t\t<div class=\"elementor-element elementor-element-54ddf679 elementor-widget elementor-widget-heading\" data-id=\"54ddf679\" data-element_type=\"widget\" data-widget_type=\"heading.default\">\n\t\t\t\t<div class=\"elementor-widget-container\">\n\t\t\t<p class=\"elementor-heading-title elementor-size-default\">Oferecemos servi\u00e7os abrangentes para empresas que visam a seguran\u00e7a e sa\u00fade de seus funcion\u00e1rios. Com profissionais experientes e programas personalizados, ajudamos a garantir ambientes de trabalho seguros e produtivos.<br>\n<br>\nConfie em n\u00f3s para atender a todas as suas necessidades em Medicina Ocupacional.<\/p>\t\t<\/div>\n\t\t\t\t<\/div>\n\t\t\t\t<div class=\"elementor-element elementor-element-44d358f8 elementor-widget elementor-widget-heading\" data-id=\"44d358f8\" data-element_type=\"widget\" data-widget_type=\"heading.default\">\n\t\t\t\t<div class=\"elementor-widget-container\">\n\t\t\t<p class=\"elementor-heading-title elementor-size-default\">\u2794 Cl\u00ednica especializada em medicina ocupacional.<\/p>\t\t<\/div>\n\t\t\t\t<\/div>\n\t\t\t\t<div class=\"elementor-element elementor-element-302cdf17 elementor-widget elementor-widget-heading\" data-id=\"302cdf17\" data-element_type=\"widget\" data-widget_type=\"heading.default\">\n\t\t\t\t<div class=\"elementor-widget-container\">\n\t\t\t<p class=\"elementor-heading-title elementor-size-default\">\u2794 Ampla e confort\u00e1vel estrutura para atendimento.<\/p>\t\t<\/div>\n\t\t\t\t<\/div>\n\t\t\t\t<div class=\"elementor-element elementor-element-5a8a4f28 elementor-widget elementor-widget-heading\" data-id=\"5a8a4f28\" data-element_type=\"widget\" data-widget_type=\"heading.default\">\n\t\t\t\t<div class=\"elementor-widget-container\">\n\t\t\t<p class=\"elementor-heading-title elementor-size-default\">\u2794 Atendimentos \"in company\".<\/p>\t\t<\/div>\n\t\t\t\t<\/div>\n\t\t\t\t<\/div>\n\t\t<div class=\"elementor-element elementor-element-18a3a88d e-con-full elementor-hidden-tablet elementor-hidden-mobile e-flex e-con e-child\" data-id=\"18a3a88d\" data-element_type=\"container\" data-settings=\"{&quot;content_width&quot;:&quot;full&quot;}\">\n\t\t\t\t<div class=\"elementor-element elementor-element-6a4ca691 elementor-widget elementor-widget-image\" data-id=\"6a4ca691\" data-element_type=\"widget\" data-widget_type=\"image.default\">\n\t\t\t\t<div class=\"elementor-widget-container\">\n\t\t\t<style>\/*! elementor - v3.17.0 - 01-11-2023 *\/\n.elementor-widget-image{text-align:center}.elementor-widget-image a{display:inline-block}.elementor-widget-image a img[src$=\".svg\"]{width:48px}.elementor-widget-image img{vertical-align:middle;display:inline-block}<\/style>\t\t\t\t\t\t\t\t\t\t\t\t<img loading=\"lazy\" decoding=\"async\" width=\"600\" height=\"600\" src=\"https:\/\/www.assessoriaramos.com.br\/site\/wp-content\/uploads\/2023\/10\/medicos-3.png\" class=\"attachment-large size-large wp-image-1094\" alt=\"\" \/>\t\t\t\t\t\t\t\t\t\t\t\t\t\t\t<\/div>\n\t\t\t\t<\/div>\n\t\t\t\t<\/div>\n\t\t\t\t<\/div>\n\t\t<div class=\"elementor-element elementor-element-624bb68f e-con-full e-flex e-con e-parent\" data-id=\"624bb68f\" data-element_type=\"container\" data-settings=\"{&quot;background_background&quot;:&quot;classic&quot;,&quot;content_width&quot;:&quot;full&quot;}\" data-core-v316-plus=\"true\">\n\t\t<div class=\"elementor-element elementor-element-6fe19b36 e-con-full e-flex e-con e-child\" data-id=\"6fe19b36\" data-element_type=\"container\" data-settings=\"{&quot;content_width&quot;:&quot;full&quot;}\">\n\t\t\t\t<\/div>\n\t\t\t\t<div class=\"elementor-element elementor-element-5809b986 elementor-posts--show-thumbnail elementor-widget elementor-widget-posts\" data-id=\"5809b986\" data-element_type=\"widget\" id=\"treinamentos\" data-settings=\"{&quot;full_content_row_gap&quot;:{&quot;unit&quot;:&quot;px&quot;,&quot;size&quot;:0,&quot;sizes&quot;:[]}}\" data-widget_type=\"posts.full_content\">\n\t\t\t\t<div class=\"elementor-widget-container\">\n\t\t\t<link rel=\"stylesheet\" href=\"https:\/\/www.assessoriaramos.com.br\/site\/wp-content\/plugins\/elementor-pro\/assets\/css\/widget-posts.min.css\">\t\t<div class=\"elementor-posts-container elementor-posts elementor-posts--skin-full_content elementor-grid\">\n\t\t\t\t<article class=\"elementor-post elementor-grid-item post-1814 medicinas type-medicinas status-publish has-post-thumbnail hentry\">\n\t\t\t\t<a class=\"elementor-post__thumbnail__link\" href=\"https:\/\/www.assessoriaramos.com.br\/site\/medicinas\/exames-complementares\/\" >\n\t\t<div class=\"elementor-post__thumbnail\"><img loading=\"lazy\" decoding=\"async\" width=\"512\" height=\"512\" src=\"https:\/\/www.assessoriaramos.com.br\/site\/wp-content\/uploads\/2023\/11\/raios-x.png\" class=\"attachment-medium size-medium wp-image-1850\" alt=\"\" \/><\/div>\n\t\t<\/a>\n\t\t\t\t<div class=\"elementor-post__text\">\n\t\t\t\t<h2 class=\"elementor-post__title\">\n\t\t\t<a href=\"https:\/\/www.assessoriaramos.com.br\/site\/medicinas\/exames-complementares\/\" >\n\t\t\t\tExames Complementares\t\t\t<\/a>\n\t\t<\/h2>\n\t\t<p>\u2022 Audiometria<br \/>\n\u2022 Acuidade Visual<br \/>\n\u2022 Raio X do T\u00f3rax<br \/>\n\u2022 Raio X Coluna<br \/>\n\u2022 Eletrocardiograma<br \/>\n\u2022 Eletroencefalograma<br \/>\n\u2022 Espirometria<br \/>\n\u2022 (Entre Outros)<\/p>\n\t\t<\/div>\n\t\t\t\t<\/article>\n\t\t\t\t<article class=\"elementor-post elementor-grid-item post-1816 medicinas type-medicinas status-publish has-post-thumbnail hentry\">\n\t\t\t\t<a class=\"elementor-post__thumbnail__link\" href=\"https:\/\/www.assessoriaramos.com.br\/site\/medicinas\/exames-laboratoriais\/\" >\n\t\t<div class=\"elementor-post__thumbnail\"><img loading=\"lazy\" decoding=\"async\" width=\"512\" height=\"512\" src=\"https:\/\/www.assessoriaramos.com.br\/site\/wp-content\/uploads\/2023\/11\/teste-de-sangue.png\" class=\"attachment-medium size-medium wp-image-1849\" alt=\"\" \/><\/div>\n\t\t<\/a>\n\t\t\t\t<div class=\"elementor-post__text\">\n\t\t\t\t<h2 class=\"elementor-post__title\">\n\t\t\t<a href=\"https:\/\/www.assessoriaramos.com.br\/site\/medicinas\/exames-laboratoriais\/\" >\n\t\t\t\tExames Laboratoriais\t\t\t<\/a>\n\t\t<\/h2>\n\t\t<p>EXAME TOXICOL\u00d3GICO PARA MOTORISTAS:<\/p>\n<p>\u2022 Hemograma Completo<br \/>\n\u2022 Gama GT<br \/>\n\u2022 Glicose<br \/>\n\u2022 \u00c1cido Hipurico<br \/>\n\u2022 \u00c1cido Metil Hipurico<br \/>\n\u2022 (Entre Outros)<\/p>\n\t\t<\/div>\n\t\t\t\t<\/article>\n\t\t\t\t<article class=\"elementor-post elementor-grid-item post-1818 medicinas type-medicinas status-publish has-post-thumbnail hentry\">\n\t\t\t\t<a class=\"elementor-post__thumbnail__link\" href=\"https:\/\/www.assessoriaramos.com.br\/site\/medicinas\/exames-medicos-de-saude-ocupacional\/\" >\n\t\t<div class=\"elementor-post__thumbnail\"><img loading=\"lazy\" decoding=\"async\" width=\"512\" height=\"512\" src=\"https:\/\/www.assessoriaramos.com.br\/site\/wp-content\/uploads\/2023\/11\/exame-medico.png\" class=\"attachment-medium size-medium wp-image-1851\" alt=\"\" \/><\/div>\n\t\t<\/a>\n\t\t\t\t<div class=\"elementor-post__text\">\n\t\t\t\t<h2 class=\"elementor-post__title\">\n\t\t\t<a href=\"https:\/\/www.assessoriaramos.com.br\/site\/medicinas\/exames-medicos-de-saude-ocupacional\/\" >\n\t\t\t\tExames M\u00e9dicos de Sa\u00fade Ocupacional\t\t\t<\/a>\n\t\t<\/h2>\n\t\t<p>\u2022 Admissional<br \/>\n\u2022 Demissional<br \/>\n\u2022 Mudan\u00e7a de Riscos Ocupacionais<br \/>\n\u2022 Peri\u00f3dicos<br \/>\n\u2022 Retorno ao Trabalho<\/p>\n\t\t<\/div>\n\t\t\t\t<\/article>\n\t\t\t\t<article class=\"elementor-post elementor-grid-item post-1820 medicinas type-medicinas status-publish has-post-thumbnail hentry\">\n\t\t\t\t<a class=\"elementor-post__thumbnail__link\" href=\"https:\/\/www.assessoriaramos.com.br\/site\/medicinas\/pcmso\/\" >\n\t\t<div class=\"elementor-post__thumbnail\"><img loading=\"lazy\" decoding=\"async\" width=\"512\" height=\"512\" src=\"https:\/\/www.assessoriaramos.com.br\/site\/wp-content\/uploads\/2023\/11\/exame-medico-2.png\" class=\"attachment-medium size-medium wp-image-1852\" alt=\"\" \/><\/div>\n\t\t<\/a>\n\t\t\t\t<div class=\"elementor-post__text\">\n\t\t\t\t<h2 class=\"elementor-post__title\">\n\t\t\t<a href=\"https:\/\/www.assessoriaramos.com.br\/site\/medicinas\/pcmso\/\" >\n\t\t\t\tPCMSO &#8211; NR-7\t\t\t<\/a>\n\t\t<\/h2>\n\t\t<div class=\"conteudo_right\">\n<div class=\"conteudo_internas\">\n<p>O Programa de Controle M\u00e9dico de Sa\u00fade Ocupacional \u2013 define a elabora\u00e7\u00e3o e acompanhamento da implanta\u00e7\u00e3o do Programa, com a determina\u00e7\u00e3o de quais exames m\u00e9dicos dever\u00e3o ser realizados, para cada fun\u00e7\u00e3o, e com que periodicidade devem ser realizados. Exigido para todas as empresas que possuam empregados registrados conforme CLT. \u00c9 um procedimento legal estabelecido pela Consolida\u00e7\u00e3o das Leis do Trabalho, no Brasil, mediante a Norma Regulamentadora 7, visando proteger a Sa\u00fade Ocupacional dos trabalhadores.<\/p>\n<\/div>\n<\/div>\n\t\t<\/div>\n\t\t\t\t<\/article>\n\t\t\t\t<\/div>\n\n\n\t\t\n\t\t\t\t<\/div>\n\t\t\t\t<\/div>\n\t\t\t\t<div class=\"elementor-element elementor-element-4200d3fa elementor-widget elementor-widget-html\" data-id=\"4200d3fa\" data-element_type=\"widget\" data-widget_type=\"html.default\">\n\t\t\t\t<div class=\"elementor-widget-container\">\n\t\t\t<script>\n    setTimeout(function() {\n        document.querySelectorAll('#treinamentos a').forEach(function(el) {\n            el.addEventListener('click', function(evt) {\n                evt.stopPropagation();\n                evt.preventDefault();\n            })\n        })\n    }, 0);\n<\/script>\t\t<\/div>\n\t\t\t\t<\/div>\n\t\t\t\t<\/div>\n\t\t\t\t\t\t\t<\/div>\n\t\t","protected":false},"excerpt":{"rendered":"<p>Medicina Ocupacional Oferecemos servi\u00e7os abrangentes para empresas que visam a seguran\u00e7a e sa\u00fade de seus funcion\u00e1rios. Com profissionais experientes e programas personalizados, ajudamos a garantir ambientes de trabalho seguros e produtivos. Confie em n\u00f3s para atender a todas as suas necessidades em Medicina Ocupacional. \u2794 Cl\u00ednica especializada em medicina ocupacional. \u2794 Ampla e confort\u00e1vel estrutura [&hellip;]<\/p>\n","protected":false},"author":1,"featured_media":0,"parent":0,"menu_order":0,"comment_status":"closed","ping_status":"closed","template":"","meta":{"inline_featured_image":false,"footnotes":""},"class_list":["post-1822","page","type-page","status-publish","hentry"],"_links":{"self":[{"href":"https:\/\/www.assessoriaramos.com.br\/site\/wp-json\/wp\/v2\/pages\/1822","targetHints":{"allow":["GET"]}}],"collection":[{"href":"https:\/\/www.assessoriaramos.com.br\/site\/wp-json\/wp\/v2\/pages"}],"about":[{"href":"https:\/\/www.assessoriaramos.com.br\/site\/wp-json\/wp\/v2\/types\/page"}],"author":[{"embeddable":true,"href":"https:\/\/www.assessoriaramos.com.br\/site\/wp-json\/wp\/v2\/users\/1"}],"replies":[{"embeddable":true,"href":"https:\/\/www.assessoriaramos.com.br\/site\/wp-json\/wp\/v2\/comments?post=1822"}],"version-history":[{"count":3,"href":"https:\/\/www.assessoriaramos.com.br\/site\/wp-json\/wp\/v2\/pages\/1822\/revisions"}],"predecessor-version":[{"id":1960,"href":"https:\/\/www.assessoriaramos.com.br\/site\/wp-json\/wp\/v2\/pages\/1822\/revisions\/1960"}],"wp:attachment":[{"href":"https:\/\/www.assessoriaramos.com.br\/site\/wp-json\/wp\/v2\/media?parent=1822"}],"curies":[{"name":"wp","href":"https:\/\/api.w.org\/{rel}","templated":true}]}}